{"id":87,"date":"2015-01-14T20:52:24","date_gmt":"2015-01-14T20:52:24","guid":{"rendered":"https:\/\/sevimlisurucukursu.com\/?page_id=87"},"modified":"2021-05-28T20:32:45","modified_gmt":"2021-05-28T20:32:45","slug":"tema-ozellikleri","status":"publish","type":"page","link":"https:\/\/sevimlisurucukursu.com\/?page_id=87","title":{"rendered":"Trafik \u0130\u015faretleri"},"content":{"rendered":"<p><b>Trafik Levha \u0130\u015faretlerinin Anlamlar\u0131 ve Resimleri<\/b><\/p>\n<p><strong>Trafik levhalar\u0131<\/strong>\u00a0trafi\u011fe \u00e7\u0131kan her s\u00fcr\u00fcc\u00fcn\u00fcn mutlaka dikkat etmesi gereken uyar\u0131 i\u015faretleri. Trafik kurallar\u0131n\u0131 ve gerekliliklerini uygulama a\u00e7\u0131s\u0131ndan \u00f6nemli bir yeri olan\u00a0<strong>trafik i\u015faretleri<\/strong>\u00a0mutlaka izlenmeli. Pek<strong>i trafik i\u015faretleri ve anlamlar\u0131<\/strong>n\u0131 biliyor muyuz\u00a0<strong>Trafik levha i\u015faretlerinin anlamlar\u0131<\/strong>\u00a0nedir<strong>\u00a0Trafik levhas\u0131 anlamlar\u0131<\/strong>\u00a0ve resimleri ile beraber a\u00e7\u0131klamaya \u00e7al\u0131\u015ft\u0131k.<\/p>\n<h2>Trafik levhalar\u0131<\/h2>\n<p>Trafikte g\u00fcvenli\u011fi sa\u011flaman\u0131n \u00f6nemli ko\u015fullar\u0131ndan biri<strong>\u00a0trafik uyar\u0131 i\u015faretleri.<\/strong>\u00a0Sa\u011fl\u0131kl\u0131 bir yolculuk yapmak ve trafik kurallar\u0131na uyman\u0131n ba\u015f\u0131nda gelen trafik levhalar\u0131 ne anlama geliyor\u00a0<strong>Trafik levhalar\u0131 i\u015faret ve anlamlar\u0131<\/strong>\u00a0trafi\u011fe \u00e7\u0131km\u0131\u015f veya \u00e7\u0131kacak her s\u00fcr\u00fcc\u00fc ve s\u00fcr\u00fcc\u00fc aday\u0131n\u0131n dikkat etmesi ve bilmesi gereken \u00f6nemli bir detay.<\/p>\n<h3>Trafik \u0130\u015faretleri<\/h3>\n<p>Trafik i\u015faretleri;\u00a0<strong>Tehlike Uyar\u0131 \u0130\u015faretleri, Trafik Tanzim \u0130\u015faretleri, Bilgi \u0130\u015faretleri, Durma ve Park etme \u0130\u015faretleri, Yatay \u0130\u015faretleme, Yeni Standart Trafik \u0130\u015faretleri\u00a0<\/strong>6 ayr\u0131 kategoriye ayr\u0131l\u0131yor. Kimi trafik i\u015faretleri tehlike ile ilgili bir uyar\u0131 verirken kimi trafik levhalar\u0131 da olas\u0131 tehlikelerde \u00f6nlem ama\u00e7l\u0131 bilgi veriyor. Peki kendi i\u00e7inde de ayr\u0131lan bu trafik levhalar\u0131 ve trafik levhas\u0131 anlamlar\u0131 nedir hep birlikte bakal\u0131m.<\/p>\n<h4><strong>Trafik Levhas\u0131 Anlamlar\u0131<\/strong><\/h4>\n<p>Tehlike Uyar\u0131 \u0130\u015faretleri, Trafik Tanzim \u0130\u015faretleri, Bilgi \u0130\u015faretleri, Durma ve Park etme \u0130\u015faretleri, Yatay \u0130\u015faretleme, Yeni Standart Trafik \u0130\u015faretleri olarak birka\u00e7 grupta ele al\u0131nan trafik levhalar\u0131 i\u00e7eriklerini tek tek ele alal\u0131m.<\/p>\n<h5 align=\"center\">Tehlike Uyar\u0131 \u0130\u015faretleri<\/h5>\n<p>Yolda genellikle yolun durumu ile ilgili bilgi veren; d\u00f6n\u00fc\u015f, kav\u015fak ve yol \u00e7al\u0131\u015fmas\u0131 gibi bilgileri i\u00e7eren trafik levhalar\u0131<strong>\u00a0Tehlike uyar\u0131 i\u015faretleri<\/strong>\u00a0ba\u015fl\u0131\u011f\u0131n\u0131n alt\u0131nda toplan\u0131yor. Bu trafik levhalar\u0131\u00a0<strong>T<\/strong>\u00a0ile ba\u015fl\u0131yor.<br \/><br \/>\u00a0<\/p>\n<p><strong>Sa\u011fa Tehlikeli Viraj (T-1a):<\/strong>\u00a0Yolun sa\u011f\u0131nda tehlikeli bir viraj \u00e7\u0131kaca\u011f\u0131 ve yava\u015f hareket edilmesi gerekti\u011fini belirtiyor.<\/p>\n<p><b><img src=\"https:\/\/staticb.yolcu360.com\/blog\/wp-content\/uploads\/2019\/09\/20153535\/t1a-150x113.jpg\" alt=\"https:\/\/staticb.yolcu360.com\/blog\/wp-content\/uploads\/2019\/09\/20153535\/t1a-150x113.jpg\" \/><\/b><br \/><strong>Sola Tehlikeli Viraj (T-1b):<\/strong>\u00a0Yolun solunda tehlikeli bir viraj ile kar\u015f\u0131la\u015f\u0131laca\u011f\u0131n\u0131 ve h\u0131z\u0131n\u0131z\u0131 azaltman\u0131z gerekti\u011fini belirtiyor.<br \/><b><img src=\"https:\/\/staticb.yolcu360.com\/blog\/wp-content\/uploads\/2019\/09\/20153651\/t1b.jpg\" alt=\"https:\/\/staticb.yolcu360.com\/blog\/wp-content\/uploads\/2019\/09\/20153651\/t1b.jpg\" \/><\/b><br \/><strong>Sa\u011fa Tehlikeli Virajlar (T-2a):<\/strong>\u00a0Yolda sa\u011fa do\u011fru tehlikeli birden fazla viraj oldu\u011funu ve h\u0131z\u0131n\u0131n azalt\u0131lmas\u0131 gerekti\u011fini belirtiyor.<\/p>\n<p><b><img src=\"https:\/\/staticb.yolcu360.com\/blog\/wp-content\/uploads\/2019\/09\/20153725\/t2a-150x132.png\" alt=\"https:\/\/staticb.yolcu360.com\/blog\/wp-content\/uploads\/2019\/09\/20153725\/t2a-150x132.png\" \/><\/b><br \/><strong>Sola Tehlikeli Virajlar (T-2b):\u00a0<\/strong>Yolun solunda birden fazla devaml\u0131 tehlikeli viraj oldu\u011fu belirtiliyor.<\/p>\n<p><b><img src=\"https:\/\/staticb.yolcu360.com\/blog\/wp-content\/uploads\/2019\/09\/20153927\/t2b-150x150.jpg\" alt=\"https:\/\/staticb.yolcu360.com\/blog\/wp-content\/uploads\/2019\/09\/20153927\/t2b-150x150.jpg\" \/><\/b><br \/><strong>Tehlikeli E\u011fim \u0130ni\u015f (T-3a):\u00a0<\/strong>Tehlikeli olabilecek e\u011fimli ini\u015fleri ifade eden bu trafik levhas\u0131 ile kar\u015f\u0131la\u015f\u0131ld\u0131\u011f\u0131nda h\u0131z\u0131n da azalt\u0131lmas\u0131 gerekli.<\/p>\n<p><b><img src=\"https:\/\/staticb.yolcu360.com\/blog\/wp-content\/uploads\/2019\/09\/20154013\/t3a-150x112.png\" alt=\"https:\/\/staticb.yolcu360.com\/blog\/wp-content\/uploads\/2019\/09\/20154013\/t3a-150x112.png\" \/><\/b><br \/><strong>Tehlikeli E\u011fim \u00c7\u0131k\u0131\u015f (T-3b):\u00a0<\/strong>Yolda rampa ya da t\u00fcmsek \u00e7\u0131kaca\u011f\u0131n\u0131 ve bu nedenle de haz\u0131rl\u0131kl\u0131 olmak gerekti\u011fini belirtiyor.<\/p>\n<p><img src=\"https:\/\/staticb.yolcu360.com\/blog\/wp-content\/uploads\/2019\/09\/20154117\/t3b-150x150.jpg\" alt=\"https:\/\/staticb.yolcu360.com\/blog\/wp-content\/uploads\/2019\/09\/20154117\/t3b-150x150.jpg\" \/><\/p>\n<p align=\"center\"><strong>Di\u011fer Trafik Uyar\u0131 \u0130\u015faretlerini a\u015fa\u011f\u0131daki resimde g\u00f6rebilirsiniz.<img src=\"https:\/\/www.cennetoglusurucukursu.com.tr\/uploads\/2020\/08\/04\/image_4f20b1a8.jpg\" alt=\"\" \/><\/strong><br \/>\u00a0<\/p>\n<h6 align=\"center\">Trafik Tanzim \u0130\u015faretleri<\/h6>\n<p>Yollarda hayati \u00f6neme sahip bir di\u011fer trafik i\u015faretleri ile Trafik Tanzim i\u015faretleri.\u00a0<strong>\u00d6ncelik gerektiren Trafik tanzim i\u015faretleri, Yasak ya da K\u0131s\u0131tlama Bildiren Trafik Tanzim \u0130\u015faretleri, Mecburiyetleri Anlatan Trafik Tanzim \u0130\u015faretleri<\/strong>nin a\u00e7\u0131klamas\u0131 ve levhalar\u0131.<\/p>\n<p><br \/><br \/><br \/><strong>Yol Ver (TT-1):<\/strong>\u00a0Yollar\u0131n birle\u015fti\u011fi kav\u015faklar \u00fczerinde bulunan bu trafik levhas\u0131 ana yolda bulunan ara\u00e7lara \u00f6ncelik verilmesi gerekti\u011fini belirtiyor.<\/p>\n<p><b><img src=\"https:\/\/staticb.yolcu360.com\/blog\/wp-content\/uploads\/2019\/09\/20154715\/tt1-150x113.jpg\" alt=\"https:\/\/staticb.yolcu360.com\/blog\/wp-content\/uploads\/2019\/09\/20154715\/tt1-150x113.jpg\" \/><\/b><br \/><strong>Dur (TT-2):<\/strong>\u00a0Herhangi bir yola girmeden ve hamle yapmadan \u00f6nce t\u00fcm ara\u00e7lara yol verilmesi gerekti\u011fini belirtiyor.<\/p>\n<p><b><img src=\"https:\/\/staticb.yolcu360.com\/blog\/wp-content\/uploads\/2019\/09\/20154749\/tt2-150x113.jpg\" alt=\"https:\/\/staticb.yolcu360.com\/blog\/wp-content\/uploads\/2019\/09\/20154749\/tt2-150x113.jpg\" \/><\/b><br \/><strong>Kar\u015f\u0131dan Gelene Yol Ver (TT-3):<\/strong>\u00a0Dar yollar \u00fczerinde kar\u015f\u0131dan gelen ara\u00e7lar\u0131n \u00f6nceli\u011fi oldu\u011funu belirtiyor.<\/p>\n<p><img src=\"https:\/\/staticb.yolcu360.com\/blog\/wp-content\/uploads\/2019\/09\/20160346\/tt3-150x113.jpg\" alt=\"https:\/\/staticb.yolcu360.com\/blog\/wp-content\/uploads\/2019\/09\/20160346\/tt3-150x113.jpg\" \/><\/p>\n<p align=\"center\"><strong>Di\u011fer \u00d6ncelik gerektiren Trafik tanzim i\u015faretleri ve anlamlar\u0131n\u0131 a\u015fa\u011f\u0131daki resimde g\u00f6rebilirsiniz.<br \/><img src=\"https:\/\/www.cennetoglusurucukursu.com.tr\/uploads\/2020\/08\/04\/image_cf06ca49.jpg\" alt=\"\" \/><\/strong><br \/><br \/><br \/><strong>Yasak ya da K\u0131s\u0131tlama Bildiren Trafik Tanzim \u0130\u015faretleri ve\u00a0Mecburiyetleri Anlatan Trafik Tanzim \u0130\u015faretleri:<br \/><br \/><br \/><img src=\"https:\/\/www.cennetoglusurucukursu.com.tr\/uploads\/2020\/08\/04\/image_ced69ea9.jpg\" alt=\"\" \/><\/strong><br \/>\u00a0<\/p>\n<p><strong>Trafik Bilgi \u0130\u015faretleri<\/strong><\/p>\n<p>Yol g\u00fcvenli\u011fi a\u00e7\u0131s\u0131ndan \u00f6nemli bir di\u011fer trafik i\u015faretleri ise\u00a0<strong>Trafik Bilgi \u0130\u015faretleri<\/strong>. Bu trafik levhalar\u0131 yol boyunca \u015fehirleri ve di\u011fer noktalar\u0131 g\u00f6steriyor. bu\u00a0trafik bilgi i\u015faretleri yolun kenarlar\u0131nda veya \u00fcst levhalarda bulunuyor. K\u0131saca &#8220;B\u201d harfi ile kodlan\u0131yor.<br \/><br \/><img src=\"https:\/\/www.cennetoglusurucukursu.com.tr\/uploads\/2020\/08\/04\/image_0344510d.jpg\" alt=\"\" \/><br \/><br \/>\u00a0<\/p>\n<h6><strong>Durma ve Park etme\u00a0\u0130\u015faretleri<\/strong><\/h6>\n<p>Yolda yine \u00f6nemli olan bir di\u011fer trafik i\u015faretleri ise\u00a0<strong>Durma ve Park etme<\/strong>\u00a0i\u015faretleri. Engelli alanlar\u0131na ve yasak park alanlar\u0131na park etmemek ma\u011fduriyet yaratmamak i\u00e7in dikkat edilmesi gereken i\u015faretlerdir.<br \/><br \/><img src=\"https:\/\/www.cennetoglusurucukursu.com.tr\/uploads\/2020\/08\/04\/image_8980a719.jpg\" alt=\"\" \/><br \/><br \/>\u00a0<\/p>\n<h6>Yatay \u0130\u015faretleme<\/h6>\n<p>Yatay i\u015faretleme levhalar\u0131 da zeminin \u00fczerinde olup ara\u00e7lara o yol, ara\u00e7 ve yol \u015feritleri ile ilgili bilgi verir.<br \/><br \/><img src=\"https:\/\/www.cennetoglusurucukursu.com.tr\/uploads\/2020\/08\/04\/image_4e18783e.gif\" alt=\"\" \/><br \/><br \/>\u00a0<\/p>\n<h6><strong>Yeni Standart Trafik \u0130\u015faretleri<\/strong><\/h6>\n<p>Yayalar, bisiklet, okul b\u00f6lgesinin yak\u0131nda oldu\u011funu bilgi veren levhalar i\u00e7eren \u00f6nemli bir di\u011fer trafik levhalar\u0131 ise Yeni Standart Trafik \u0130\u015faretleri.<br \/><br \/><br \/><img src=\"https:\/\/www.cennetoglusurucukursu.com.tr\/uploads\/2020\/08\/04\/image_e6bba0e5.gif\" alt=\"\" \/><\/p>\n\n\n<p><\/p>\n","protected":false},"excerpt":{"rendered":"<p>Trafik Levha \u0130\u015faretlerinin Anlamlar\u0131 ve Resimleri Trafik levhalar\u0131\u00a0trafi\u011fe \u00e7\u0131kan her s\u00fcr\u00fcc\u00fcn\u00fcn mutlaka dikkat etmesi gereken uyar\u0131 i\u015faretleri. Trafik kurallar\u0131n\u0131 ve gerekliliklerini uygulama a\u00e7\u0131s\u0131ndan \u00f6nemli bir yeri olan\u00a0trafik i\u015faretleri\u00a0mutlaka izlenmeli. Peki trafik i\u015faretleri ve anlamlar\u0131n\u0131 biliyor muyuz\u00a0Trafik levha i\u015faretlerinin anlamlar\u0131\u00a0nedir\u00a0Trafik levhas\u0131 anlamlar\u0131\u00a0ve resimleri ile beraber a\u00e7\u0131klamaya \u00e7al\u0131\u015ft\u0131k. Trafik levhalar\u0131 Trafikte g\u00fcvenli\u011fi sa\u011flaman\u0131n \u00f6nemli ko\u015fullar\u0131ndan biri\u00a0trafik uyar\u0131 [&hellip;]<\/p>\n","protected":false},"author":1,"featured_media":0,"parent":0,"menu_order":0,"comment_status":"open","ping_status":"open","template":"","meta":[],"_links":{"self":[{"href":"https:\/\/sevimlisurucukursu.com\/index.php?rest_route=\/wp\/v2\/pages\/87"}],"collection":[{"href":"https:\/\/sevimlisurucukursu.com\/index.php?rest_route=\/wp\/v2\/pages"}],"about":[{"href":"https:\/\/sevimlisurucukursu.com\/index.php?rest_route=\/wp\/v2\/types\/page"}],"author":[{"embeddable":true,"href":"https:\/\/sevimlisurucukursu.com\/index.php?rest_route=\/wp\/v2\/users\/1"}],"replies":[{"embeddable":true,"href":"https:\/\/sevimlisurucukursu.com\/index.php?rest_route=%2Fwp%2Fv2%2Fcomments&post=87"}],"version-history":[{"count":6,"href":"https:\/\/sevimlisurucukursu.com\/index.php?rest_route=\/wp\/v2\/pages\/87\/revisions"}],"predecessor-version":[{"id":542,"href":"https:\/\/sevimlisurucukursu.com\/index.php?rest_route=\/wp\/v2\/pages\/87\/revisions\/542"}],"wp:attachment":[{"href":"https:\/\/sevimlisurucukursu.com\/index.php?rest_route=%2Fwp%2Fv2%2Fmedia&parent=87"}],"curies":[{"name":"wp","href":"https:\/\/api.w.org\/{rel}","templated":true}]}}