{"id":17,"date":"2015-01-13T17:53:22","date_gmt":"2015-01-13T17:53:22","guid":{"rendered":"https:\/\/sevimlisurucukursu.com\/?page_id=17"},"modified":"2021-06-21T11:43:33","modified_gmt":"2021-06-21T11:43:33","slug":"sikca-sorulan-sorular","status":"publish","type":"page","link":"https:\/\/sevimlisurucukursu.com\/?page_id=17","title":{"rendered":"S\u0131k\u00e7a Sorulan Sorular"},"content":{"rendered":"<p><strong>\r\n\r\n\t\t\t<div class=\"descriptionbox question\">\r\n\t\t\t\t<div class=\"inner\">\r\n\t\t\t\t\t<div class=\"safirIconFont icon soru\"><\/div>\r\n\t\t\t\t\t<div class=\"header\">AKLINIZDA SORU \u0130\u015eARET\u0130 KALMASIN<\/div>\r\n\t\t\t\t\t<div class=\"content\">Siz de\u011ferli ziyaret\u00e7ilerimiz i\u00e7in s\u0131k\u00e7a kar\u015f\u0131la\u015ft\u0131\u011f\u0131m\u0131z sorular\u0131 derledik ve cevaplar\u0131 ile birlikte bilginize sunduk.<\/div>\r\n\t\t\t\t<\/div>\r\n\t\t\t<\/div>\r\n\r\n\t\t<\/strong><\/p>\n<p><strong>\r\n\r\n\t\t\t<div class=\"safir-faq\">\r\n\t\t\t\t<div class=\"question\"><div class=\"icon safirIconFont questionmark\"><\/div><span class=\"text\">S\u00fcr\u00fcc\u00fc olur raporu nerelerden al\u0131nabilir?<\/span><div class=\"icon safirIconFont plus\"><\/div><\/div>\r\n\t\t\t\t<div class=\"answer\">Aile hekiminizden \u00fccretsiz alabilirsiniz, Alamazsan\u0131z Devlet Hastaneleri ve s\u00fcr\u00fcc\u00fc olur raporu vermeye yetkili \u00f6zel hastanelerden al\u0131nabilir.<\/div>\r\n\t\t\t<\/div>\r\n\r\n\t\t<\/strong><\/p>\n<p><strong>\r\n\r\n\t\t\t<div class=\"safir-faq\">\r\n\t\t\t\t<div class=\"question\"><div class=\"icon safirIconFont questionmark\"><\/div><span class=\"text\">Stajyer ehliyet nedir?<\/span><div class=\"icon safirIconFont plus\"><\/div><\/div>\r\n\t\t\t\t<div class=\"answer\">Stajyer ehliyet kazanm\u0131\u015f oldu\u011funuz ehliyet belgesinin verilen tarih itibari ile 2 (iki) y\u0131l boyunca 75 ceza puan\u0131 \u00fczerinden de\u011ferlendirilmesi anlam\u0131na gelmektedir.<\/div>\r\n\t\t\t<\/div>\r\n\r\n\t\t<\/strong><\/p>\n<p><strong>\r\n\r\n\t\t\t<div class=\"safir-faq\">\r\n\t\t\t\t<div class=\"question\"><div class=\"icon safirIconFont questionmark\"><\/div><span class=\"text\">Ehliyet s\u0131navlar\u0131ndan ba\u015far\u0131s\u0131z oldu\u011fumda ka\u00e7 kez s\u0131nava girebilirim?<\/span><div class=\"icon safirIconFont plus\"><\/div><\/div>\r\n\t\t\t\t<div class=\"answer\">Ehliyet s\u0131navlar\u0131nda ilk 4 defa ba\u015far\u0131s\u0131z olabilirsiniz. Sonras\u0131nda 4 s\u0131nav hakk\u0131 daha kazanabilirsiniz.<\/div>\r\n\t\t\t<\/div>\r\n\r\n\t\t<\/strong><\/p>\n<p><strong>\r\n\r\n\t\t\t<div class=\"safir-faq\">\r\n\t\t\t\t<div class=\"question\"><div class=\"icon safirIconFont questionmark\"><\/div><span class=\"text\">Ehliyet s\u0131nav\u0131nda toplam ka\u00e7 soru sorulur?<\/span><div class=\"icon safirIconFont plus\"><\/div><\/div>\r\n\t\t\t\t<div class=\"answer\">Trafik ve \u00c7evre Bilgisi 23 soru, Ara\u00e7 Tekni\u011fi 9 soru,\u0130lk Yard\u0131m Bilgisi 12 soru ve Trafik Adab\u0131 6 soru olmak \u00fczere toplam 50 soru sorulur.<\/div>\r\n\t\t\t<\/div>\r\n\r\n\t\t<\/strong><\/p>\n<p><strong>\r\n\r\n\t\t\t<div class=\"safir-faq\">\r\n\t\t\t\t<div class=\"question\"><div class=\"icon safirIconFont questionmark\"><\/div><span class=\"text\">Ehliyet s\u0131nav\u0131nda toplamda ka\u00e7 do\u011fru soru \u00e7\u00f6zmem gerekiyor?<\/span><div class=\"icon safirIconFont plus\"><\/div><\/div>\r\n\t\t\t\t<div class=\"answer\">Adaylar\u0131n ba\u015far\u0131l\u0131 olabilmesi i\u00e7in toplam 50 sorudan olu\u015fan yeni m\u00fcfredat ehliyet s\u0131nav\u0131ndan 35 do\u011fruyu cevaplamas\u0131 ve toplam 70 puan almas\u0131 gerekmektedir.<\/div>\r\n\t\t\t<\/div>\r\n\r\n\t\t<\/strong><\/p>\n<p><strong>\r\n\r\n\t\t\t<div class=\"safir-faq\">\r\n\t\t\t\t<div class=\"question\"><div class=\"icon safirIconFont questionmark\"><\/div><span class=\"text\"><b>Ehliyet s\u0131nav s\u00fcresi ne kadard\u0131r?<\/b><\/span><div class=\"icon safirIconFont plus\"><\/div><\/div>\r\n\t\t\t\t<div class=\"answer\">S\u0131nav s\u00fcresi, 45 dakikad\u0131r.<\/div>\r\n\t\t\t<\/div>\r\n\r\n\t\t<\/strong><\/p>\n<p><strong>\r\n\r\n\t\t\t<div class=\"safir-faq\">\r\n\t\t\t\t<div class=\"question\"><div class=\"icon safirIconFont questionmark\"><\/div><span class=\"text\">Direksiyon s\u0131nav\u0131nda komisyon \u00fcyeleri kimlerden olu\u015fur?<\/span><div class=\"icon safirIconFont plus\"><\/div><\/div>\r\n\t\t\t\t<div class=\"answer\">\u0130l\u00e7e Milli E\u011fitim M\u00fcd\u00fcrl\u00fc\u011f\u00fc\u2019ne ba\u011fl\u0131 ve \u0130l\u00e7e Milli E\u011fitim M\u00fcd\u00fcrl\u00fc\u011f\u00fc\u2019n\u00fcn belirlemi\u015f oldu\u011fu s\u0131nav yeterlili\u011fi olan \u00f6\u011fretmenlerden olu\u015fmaktad\u0131r.<\/div>\r\n\t\t\t<\/div>\r\n\r\n\t\t<\/strong><\/p>\n<p><strong>\r\n\r\n\t\t\t<div class=\"safir-faq\">\r\n\t\t\t\t<div class=\"question\"><div class=\"icon safirIconFont questionmark\"><\/div><span class=\"text\"><b>Ehliyet dersleri toplam ka\u00e7 saattir?<\/b><\/span><div class=\"icon safirIconFont plus\"><\/div><\/div>\r\n\t\t\t\t<div class=\"answer\">Trafik 16, Ara\u00e7 Tekni\u011fi 6, \u0130lkyard\u0131m 8 ve Trafik Adab\u0131 4 saat olmak \u00fczere toplam 34 saattir.<\/div>\r\n\t\t\t<\/div>\r\n\r\n\t\t<\/strong><\/p>\n<p><strong>\r\n\r\n\t\t\t<div class=\"safir-faq\">\r\n\t\t\t\t<div class=\"question\"><div class=\"icon safirIconFont questionmark\"><\/div><span class=\"text\"><b>Ehliyet s\u0131nav\u0131nda yanl\u0131\u015f cevaplar do\u011frular\u0131 g\u00f6t\u00fcr\u00fcr m\u00fc?<\/b><\/span><div class=\"icon safirIconFont plus\"><\/div><\/div>\r\n\t\t\t\t<div class=\"answer\">Ehliyet s\u0131nav\u0131nda yanl\u0131\u015f cevaplar, do\u011fru cevaplar\u0131 etkilemez.<\/div>\r\n\t\t\t<\/div>\r\n\r\n\t\t<\/strong><\/p>\n","protected":false},"excerpt":{"rendered":"","protected":false},"author":1,"featured_media":0,"parent":0,"menu_order":0,"comment_status":"open","ping_status":"open","template":"","meta":[],"_links":{"self":[{"href":"https:\/\/sevimlisurucukursu.com\/index.php?rest_route=\/wp\/v2\/pages\/17"}],"collection":[{"href":"https:\/\/sevimlisurucukursu.com\/index.php?rest_route=\/wp\/v2\/pages"}],"about":[{"href":"https:\/\/sevimlisurucukursu.com\/index.php?rest_route=\/wp\/v2\/types\/page"}],"author":[{"embeddable":true,"href":"https:\/\/sevimlisurucukursu.com\/index.php?rest_route=\/wp\/v2\/users\/1"}],"replies":[{"embeddable":true,"href":"https:\/\/sevimlisurucukursu.com\/index.php?rest_route=%2Fwp%2Fv2%2Fcomments&post=17"}],"version-history":[{"count":14,"href":"https:\/\/sevimlisurucukursu.com\/index.php?rest_route=\/wp\/v2\/pages\/17\/revisions"}],"predecessor-version":[{"id":538,"href":"https:\/\/sevimlisurucukursu.com\/index.php?rest_route=\/wp\/v2\/pages\/17\/revisions\/538"}],"wp:attachment":[{"href":"https:\/\/sevimlisurucukursu.com\/index.php?rest_route=%2Fwp%2Fv2%2Fmedia&parent=17"}],"curies":[{"name":"wp","href":"https:\/\/api.w.org\/{rel}","templated":true}]}}