{"id":16,"date":"2015-01-13T20:06:05","date_gmt":"2015-01-13T20:06:05","guid":{"rendered":"https:\/\/sevimlisurucukursu.com\/?page_id=16"},"modified":"2021-06-21T11:25:55","modified_gmt":"2021-06-21T11:25:55","slug":"referanslar","status":"publish","type":"page","link":"https:\/\/sevimlisurucukursu.com\/?page_id=16","title":{"rendered":"GEREKL\u0130 EVRAKLAR"},"content":{"rendered":"\n<h2>S\u00fcr\u00fcc\u00fc Belgesi \u0130\u00e7in Gerekli Evraklar<\/h2>\n\n\n\n<ul><li>4 Adet Biyometrik Foto\u011fraf<\/li><li>Kimlik Fotokopisi<\/li><li>Sab\u0131ka Kayd\u0131<\/li><li>S\u00fcr\u00fcc\u00fc Belgesi i\u00e7in Sa\u011fl\u0131k Raporu(2 resim)<\/li><li>\u00d6\u011frenci Belgesi veya Diploma Fotokopisi<\/li><\/ul>\n\n\n\n<h2>S\u00fcr\u00fcc\u00fc Belgesi&nbsp;Alma \u015eartlar\u0131<\/h2>\n\n\n\n<p>1. Sab\u0131ka Kayd\u0131: Art\u0131k kursa kay\u0131t yapt\u0131r\u0131rken sab\u0131ka kayd\u0131 istenmemektedir. Milli E\u011fitim Bakanl\u0131\u011f\u0131 kendi veri sisteminden sab\u0131ka sorgulamas\u0131 yapacak ve a\u015fa\u011f\u0131daki maddelerden sab\u0131kas\u0131 olan adaylar sistemden red edilecektir. ESK\u0130 KANUN :T\u00fcrk Ceza Kanununun 403, 404 \u00fcnc\u00fc maddeleri ile 572\/2-3 maddelerinden ikiden fazla ve 1918 say\u0131l\u0131 Ka\u00e7ak\u00e7\u0131l\u0131\u011f\u0131n Men ve Takibine Dair Kanunun 28 ve 29 uncu maddeleri,6136 say\u0131l\u0131 Ate\u015fli Silahlar ve B\u0131\u00e7aklar Hakk\u0131nda Kanunun 12 nci maddesinin 3 \u00fcnc\u00fc ve takip eden f\u0131kralar\u0131ndaki su\u00e7lardan h\u00fck\u00fcm giymemi\u015f olmak, YEN\u0130 KANUN : &gt; 5237 \/ 188, 190, 191 &gt; 2918 \/ 119 &gt; 4926 \/ 6<\/p>\n\n\n\n<p>2. Sa\u011fl\u0131k Raporu: Yeni yasaya g\u00f6re Tek g\u00f6z\u00fc g\u00f6rmeyenler di\u011fer g\u00f6z\u00fc 10\/10 g\u00f6r\u00fcyor ise A, B ve F s\u0131n\u0131f\u0131 s\u00fcr\u00fcc\u00fc belgesi alabilmektedir.Sa\u011fl\u0131k raporunun mutlaka sertifika al\u0131nan il&#8217;de faaliyet g\u00f6steren yetkili bir sa\u011fl\u0131k biriminden al\u0131nmas\u0131 gerekmektedir. 3. E\u011fitim: 2918 say\u0131l\u0131 Karayollar\u0131 Trafik Kanununun 41 inci maddesinin (b) bendinde \u00f6ng\u00f6r\u00fclen A1, A2, A, B, C ve D s\u0131n\u0131f\u0131 s\u00fcr\u00fcc\u00fc belgesi alacak olanlarda aranan en az \u0130lkokul mezunu olmalar\u0131 yeterli say\u0131l\u0131r. A\u015fa\u011f\u0131daki e\u011fitim belgeleri olanlar ehliyet alabilirler \u2022 \u0130lkokul mezunu veya orta terk olanlar, \u2022 \u0130lk\u00f6\u011fretim mezunu olanlar, \u2022 Lise mezunu veya \u00f6\u011frencisi olanlar, \u2022 \u00dcniversite mezun veya \u00f6\u011frencisi olanlar.<\/p>\n\n\n\n<figure class=\"wp-block-gallery columns-0 is-cropped\"><ul class=\"blocks-gallery-grid\"><\/ul><\/figure>\n","protected":false},"excerpt":{"rendered":"<p>S\u00fcr\u00fcc\u00fc Belgesi \u0130\u00e7in Gerekli Evraklar 4 Adet Biyometrik Foto\u011fraf Kimlik Fotokopisi Sab\u0131ka Kayd\u0131 S\u00fcr\u00fcc\u00fc Belgesi i\u00e7in Sa\u011fl\u0131k Raporu(2 resim) \u00d6\u011frenci Belgesi veya Diploma Fotokopisi S\u00fcr\u00fcc\u00fc Belgesi&nbsp;Alma \u015eartlar\u0131 1. Sab\u0131ka Kayd\u0131: Art\u0131k kursa kay\u0131t yapt\u0131r\u0131rken sab\u0131ka kayd\u0131 istenmemektedir. Milli E\u011fitim Bakanl\u0131\u011f\u0131 kendi veri sisteminden sab\u0131ka sorgulamas\u0131 yapacak ve a\u015fa\u011f\u0131daki maddelerden sab\u0131kas\u0131 olan adaylar sistemden red edilecektir. [&hellip;]<\/p>\n","protected":false},"author":1,"featured_media":0,"parent":0,"menu_order":0,"comment_status":"open","ping_status":"open","template":"pages\/page-nogallerylink.php","meta":[],"_links":{"self":[{"href":"https:\/\/sevimlisurucukursu.com\/index.php?rest_route=\/wp\/v2\/pages\/16"}],"collection":[{"href":"https:\/\/sevimlisurucukursu.com\/index.php?rest_route=\/wp\/v2\/pages"}],"about":[{"href":"https:\/\/sevimlisurucukursu.com\/index.php?rest_route=\/wp\/v2\/types\/page"}],"author":[{"embeddable":true,"href":"https:\/\/sevimlisurucukursu.com\/index.php?rest_route=\/wp\/v2\/users\/1"}],"replies":[{"embeddable":true,"href":"https:\/\/sevimlisurucukursu.com\/index.php?rest_route=%2Fwp%2Fv2%2Fcomments&post=16"}],"version-history":[{"count":16,"href":"https:\/\/sevimlisurucukursu.com\/index.php?rest_route=\/wp\/v2\/pages\/16\/revisions"}],"predecessor-version":[{"id":574,"href":"https:\/\/sevimlisurucukursu.com\/index.php?rest_route=\/wp\/v2\/pages\/16\/revisions\/574"}],"wp:attachment":[{"href":"https:\/\/sevimlisurucukursu.com\/index.php?rest_route=%2Fwp%2Fv2%2Fmedia&parent=16"}],"curies":[{"name":"wp","href":"https:\/\/api.w.org\/{rel}","templated":true}]}}