{"id":15,"date":"2015-01-13T17:52:30","date_gmt":"2015-01-13T17:52:30","guid":{"rendered":"https:\/\/sevimlisurucukursu.com\/?page_id=15"},"modified":"2021-08-04T08:11:31","modified_gmt":"2021-08-04T08:11:31","slug":"hakkimizda","status":"publish","type":"page","link":"https:\/\/sevimlisurucukursu.com\/?page_id=15","title":{"rendered":"Hakk\u0131m\u0131zda"},"content":{"rendered":"<div class=\"intro text-justify\">\n<h2 class=\"mb-32\">16 Y\u0131ll\u0131k Deneyimimiz ile Size Yard\u0131mc\u0131 Oluyoruz<\/h2>\n<p class=\"lead\">Sevimli S\u00fcr\u00fcc\u00fc Kursu 2005 y\u0131l\u0131nda kurulmu\u015ftur. E\u011fitime ba\u015flad\u0131\u011f\u0131m\u0131z 2005 y\u0131l\u0131nda bir karar verdik. M\u00fc\u015fterisine kar\u015f\u0131 olabildi\u011fince a\u00e7\u0131k, net, d\u00fcr\u00fcst olmak ve takdir hakk\u0131n\u0131 m\u00fc\u015fteriden yana kullanmak. Hedefimiz uzun vadede istikrar\u0131 yakalamakt\u0131. Biz insanlar\u0131 sevmekle, diyalog kurmakla, onlar gibi d\u00fc\u015f\u00fcnmekle o istikrar\u0131 yakalad\u0131k. Manavgat&#8217;da en b\u00fcy\u00fck farkl\u0131l\u0131\u011f\u0131m\u0131z bu. \u00d6\u011frencilerimizin, bizim hakk\u0131m\u0131zdaki d\u00fc\u015f\u00fcncelerine \u00f6nem vererek, kendimizi yenileyerek, yolumuza devam ediyoruz.<\/p>\n<ul>Dersliklerimiz 26\u2019\u015far ki\u015filik klimal\u0131 s\u0131n\u0131flarda, sine vizyon ve sim\u00fclasyon destekli yap\u0131lmaktad\u0131r.<\/ul>\n<ul>T\u00fcm E\u011fitimlerimiz konusunda uzman e\u011fitimcilerimiz taraf\u0131ndan verilmektedir.<\/ul>\n<ul>Kad\u0131n ve Erkek uzman e\u011fitmenlerimiz vard\u0131r.<\/ul>\n<ul>Gerekti\u011finde \u00f6zel olarak bire bir e\u011fitim saatleri ayarlanmaktad\u0131r.<\/ul>\n<ul>S\u0131nav \u00f6ncesinde ve sonras\u0131nda \u00f6\u011frencilere gereken destek verilmekte ve y\u00f6nlendirme yap\u0131lmaktad\u0131r.<\/ul>\n<ul>\u00d6zel Direksiyon Dersi : Arac\u0131n\u0131z var ancak evin di\u011fer bireyleri kullan\u0131yor siz bir t\u00fcrl\u00fc cesaret edip direksiyona oturam\u0131yorsunuz, ya da araba almay\u0131 planlad\u0131n\u0131z fakat ba\u015faramam, trafi\u011fe \u00e7\u0131kamam diye korkuyorsunuz. Hatta s\u00fcr\u00fcc\u00fc belgeniz var ama maalesef sadece kimlik olarak i\u015finize yar\u0131yor. Bizi aray\u0131p direksiyon dersi e\u011fitimi almak istedi\u011finizi s\u00f6ylemeniz yeterli.<\/ul>\n<\/div>\n","protected":false},"excerpt":{"rendered":"<p>16 Y\u0131ll\u0131k Deneyimimiz ile Size Yard\u0131mc\u0131 Oluyoruz Sevimli S\u00fcr\u00fcc\u00fc Kursu 2005 y\u0131l\u0131nda kurulmu\u015ftur. E\u011fitime ba\u015flad\u0131\u011f\u0131m\u0131z 2005 y\u0131l\u0131nda bir karar verdik. M\u00fc\u015fterisine kar\u015f\u0131 olabildi\u011fince a\u00e7\u0131k, net, d\u00fcr\u00fcst olmak ve takdir hakk\u0131n\u0131 m\u00fc\u015fteriden yana kullanmak. Hedefimiz uzun vadede istikrar\u0131 yakalamakt\u0131. Biz insanlar\u0131 sevmekle, diyalog kurmakla, onlar gibi d\u00fc\u015f\u00fcnmekle o istikrar\u0131 yakalad\u0131k. Manavgat&#8217;da en b\u00fcy\u00fck farkl\u0131l\u0131\u011f\u0131m\u0131z bu. \u00d6\u011frencilerimizin, [&hellip;]<\/p>\n","protected":false},"author":1,"featured_media":0,"parent":0,"menu_order":0,"comment_status":"open","ping_status":"open","template":"","meta":[],"_links":{"self":[{"href":"https:\/\/sevimlisurucukursu.com\/index.php?rest_route=\/wp\/v2\/pages\/15"}],"collection":[{"href":"https:\/\/sevimlisurucukursu.com\/index.php?rest_route=\/wp\/v2\/pages"}],"about":[{"href":"https:\/\/sevimlisurucukursu.com\/index.php?rest_route=\/wp\/v2\/types\/page"}],"author":[{"embeddable":true,"href":"https:\/\/sevimlisurucukursu.com\/index.php?rest_route=\/wp\/v2\/users\/1"}],"replies":[{"embeddable":true,"href":"https:\/\/sevimlisurucukursu.com\/index.php?rest_route=%2Fwp%2Fv2%2Fcomments&post=15"}],"version-history":[{"count":11,"href":"https:\/\/sevimlisurucukursu.com\/index.php?rest_route=\/wp\/v2\/pages\/15\/revisions"}],"predecessor-version":[{"id":642,"href":"https:\/\/sevimlisurucukursu.com\/index.php?rest_route=\/wp\/v2\/pages\/15\/revisions\/642"}],"wp:attachment":[{"href":"https:\/\/sevimlisurucukursu.com\/index.php?rest_route=%2Fwp%2Fv2%2Fmedia&parent=15"}],"curies":[{"name":"wp","href":"https:\/\/api.w.org\/{rel}","templated":true}]}}