{"id":13,"date":"2015-01-13T17:52:17","date_gmt":"2015-01-13T17:52:17","guid":{"rendered":"https:\/\/sevimlisurucukursu.com\/?page_id=13"},"modified":"2021-08-21T10:03:41","modified_gmt":"2021-08-21T10:03:41","slug":"tanitim-videosu","status":"publish","type":"page","link":"https:\/\/sevimlisurucukursu.com\/?page_id=13","title":{"rendered":"S\u0131nav G\u00fczergah\u0131"},"content":{"rendered":"\n<figure class=\"wp-block-embed is-type-video is-provider-youtube wp-block-embed-youtube wp-embed-aspect-16-9 wp-has-aspect-ratio\"><div class=\"wp-block-embed__wrapper\">\n<iframe loading=\"lazy\" title=\"Manavgat Direksiyon S\u0131nav\u0131 G\u00fczergah\u0131 2021\" width=\"500\" height=\"281\" src=\"https:\/\/www.youtube.com\/embed\/uxN8UshX6-A?start=10&#038;feature=oembed\" frameborder=\"0\" allow=\"accelerometer; autoplay; clipboard-write; encrypted-media; gyroscope; picture-in-picture\" allowfullscreen><\/iframe>\n<\/div><\/figure>\n","protected":false},"excerpt":{"rendered":"","protected":false},"author":1,"featured_media":0,"parent":0,"menu_order":0,"comment_status":"open","ping_status":"open","template":"","meta":[],"_links":{"self":[{"href":"https:\/\/sevimlisurucukursu.com\/index.php?rest_route=\/wp\/v2\/pages\/13"}],"collection":[{"href":"https:\/\/sevimlisurucukursu.com\/index.php?rest_route=\/wp\/v2\/pages"}],"about":[{"href":"https:\/\/sevimlisurucukursu.com\/index.php?rest_route=\/wp\/v2\/types\/page"}],"author":[{"embeddable":true,"href":"https:\/\/sevimlisurucukursu.com\/index.php?rest_route=\/wp\/v2\/users\/1"}],"replies":[{"embeddable":true,"href":"https:\/\/sevimlisurucukursu.com\/index.php?rest_route=%2Fwp%2Fv2%2Fcomments&post=13"}],"version-history":[{"count":6,"href":"https:\/\/sevimlisurucukursu.com\/index.php?rest_route=\/wp\/v2\/pages\/13\/revisions"}],"predecessor-version":[{"id":654,"href":"https:\/\/sevimlisurucukursu.com\/index.php?rest_route=\/wp\/v2\/pages\/13\/revisions\/654"}],"wp:attachment":[{"href":"https:\/\/sevimlisurucukursu.com\/index.php?rest_route=%2Fwp%2Fv2%2Fmedia&parent=13"}],"curies":[{"name":"wp","href":"https:\/\/api.w.org\/{rel}","templated":true}]}}